{"id":228,"date":"2025-03-18T22:31:36","date_gmt":"2025-03-19T03:31:36","guid":{"rendered":"https:\/\/blogs.uniandes.edu.co\/musicas-latinoamericanas\/?page_id=228"},"modified":"2025-03-27T13:40:49","modified_gmt":"2025-03-27T18:40:49","slug":"la-musica-en-argentina-en-el-siglo-xix","status":"publish","type":"page","link":"https:\/\/blogs.uniandes.edu.co\/musicas-latinoamericanas\/la-musica-en-argentina-en-el-siglo-xix\/","title":{"rendered":"La m\u00fasica en Argentina en el siglo XIX"},"content":{"rendered":"\n<div class=\"wp-block-cover alignfull is-light has-custom-content-position is-position-bottom-center\" style=\"margin-top:0;margin-bottom:0;padding-top:var(--wp--preset--spacing--50);padding-right:var(--wp--preset--spacing--50);padding-bottom:var(--wp--preset--spacing--50);padding-left:var(--wp--preset--spacing--50);min-height:840px;aspect-ratio:unset;\"><span aria-hidden=\"true\" class=\"wp-block-cover__background has-background-dim-10 has-background-dim\"><\/span><img loading=\"lazy\" decoding=\"async\" width=\"750\" height=\"544\" class=\"wp-block-cover__image-background wp-image-230\" alt=\"\" src=\"https:\/\/blogs.uniandes.edu.co\/musicas-latinoamericanas\/wp-content\/uploads\/2025\/03\/crono_1821_gr.jpg\" data-object-fit=\"cover\" srcset=\"https:\/\/blogs.uniandes.edu.co\/musicas-latinoamericanas\/wp-content\/uploads\/2025\/03\/crono_1821_gr.jpg 750w, https:\/\/blogs.uniandes.edu.co\/musicas-latinoamericanas\/wp-content\/uploads\/2025\/03\/crono_1821_gr-300x218.jpg 300w\" sizes=\"auto, (max-width: 750px) 100vw, 750px\" \/><div class=\"wp-block-cover__inner-container has-global-padding is-layout-constrained wp-container-core-cover-is-layout-d89aad35 wp-block-cover-is-layout-constrained\">\n<div class=\"wp-block-group alignwide has-global-padding is-content-justification-left is-layout-constrained wp-container-core-group-is-layout-12dd3699 wp-block-group-is-layout-constrained\">\n<p><\/p>\n\n\n\n<p><\/p>\n\n\n\n<p><\/p>\n\n\n\n<p class=\"has-accent-6-background-color has-background has-small-font-size\"><br><strong>Carlos Enrique Pellegrini. Plaza de la Victoria (frente oeste), 1829, acuarela s\/papel, 31 x 42,5 cm. Museo Nacional de Bellas Artes. Buenos Aires<\/strong><\/p>\n\n\n\n<div class=\"wp-block-buttons is-layout-flex wp-block-buttons-is-layout-flex\"><\/div>\n<\/div>\n<\/div><\/div>\n\n\n\n<div class=\"wp-block-group alignfull is-style-section-5 has-global-padding is-layout-constrained wp-block-group-is-layout-constrained is-style-section-5--1\" style=\"margin-top:0;margin-bottom:0;padding-top:var(--wp--preset--spacing--50);padding-bottom:var(--wp--preset--spacing--50)\">\n<div class=\"wp-block-columns alignwide is-layout-flex wp-container-core-columns-is-layout-7ee84d44 wp-block-columns-is-layout-flex\">\n<div class=\"wp-block-column is-vertically-aligned-center is-layout-flow wp-block-column-is-layout-flow\" style=\"flex-basis:50%\">\n<h2 class=\"wp-block-heading\">Introducci\u00f3n.<\/h2>\n\n\n\n<p class=\"has-medium-font-size\">La m\u00fasica en Argentina durante el siglo XIX fue un reflejo de los profundos cambios sociales, pol\u00edticos y econ\u00f3micos que atraves\u00f3 el pa\u00eds. Desde la influencia europea en los salones aristocr\u00e1ticos hasta las expresiones populares en la naciente identidad nacional, este siglo marc\u00f3 la transici\u00f3n de un territorio colonial a una naci\u00f3n con un sonido propio.<\/p>\n<\/div>\n\n\n\n<div class=\"wp-block-column is-vertically-aligned-center is-layout-flow wp-block-column-is-layout-flow\" style=\"flex-basis:50%\">\n<div class=\"wp-block-cover\"><span aria-hidden=\"true\" class=\"wp-block-cover__background has-background-dim\"><\/span><img loading=\"lazy\" decoding=\"async\" width=\"417\" height=\"650\" class=\"wp-block-cover__image-background wp-image-231\" alt=\"\nC\u00e9sar Hip\u00f3lito Bacle. Se\u00f1ora porte\u00f1a con trage de baile (Serie Trages y costumbres de Buenos Aires N\u00b0 6), 1833 - 1834, litograf\u00eda coloreada s\/papel, 18 x 24 cm. Museo Isaac Fern\u00e1ndez Blanco\" src=\"https:\/\/blogs.uniandes.edu.co\/musicas-latinoamericanas\/wp-content\/uploads\/2025\/03\/crono_1833_gr_1a.jpg\" data-object-fit=\"cover\" srcset=\"https:\/\/blogs.uniandes.edu.co\/musicas-latinoamericanas\/wp-content\/uploads\/2025\/03\/crono_1833_gr_1a.jpg 417w, https:\/\/blogs.uniandes.edu.co\/musicas-latinoamericanas\/wp-content\/uploads\/2025\/03\/crono_1833_gr_1a-192x300.jpg 192w\" sizes=\"auto, (max-width: 417px) 100vw, 417px\" \/><div class=\"wp-block-cover__inner-container is-layout-flow wp-block-cover-is-layout-flow\">\n<p><\/p>\n\n\n\n<blockquote class=\"wp-block-quote is-layout-flow wp-block-quote-is-layout-flow\">\n<p style=\"font-size:0.6rem\"><br><\/p>\n\n\n\n<p><\/p>\n\n\n\n<p><\/p>\n\n\n\n<p><\/p>\n\n\n\n<p><\/p>\n\n\n\n<p><\/p>\n\n\n\n<p><\/p>\n\n\n\n<p><\/p>\n\n\n\n<p><\/p>\n\n\n\n<p style=\"font-size:0.6rem\">C\u00e9sar Hip\u00f3lito Bacle. Se\u00f1ora porte\u00f1a con trage de baile (Serie Trages y costumbres de Buenos Aires N\u00b0 6), 1833 &#8211; 1834, litograf\u00eda coloreada s\/papel, 18 x 24 cm. Museo Isaac Fern\u00e1ndez Blanco<\/p>\n<\/blockquote>\n<\/div><\/div>\n<\/div>\n<\/div>\n<\/div>\n\n\n\n<div class=\"wp-block-group alignfull has-global-padding is-layout-constrained wp-block-group-is-layout-constrained\" style=\"margin-top:0;margin-bottom:0\">\n<div class=\"wp-block-group alignwide is-layout-grid wp-container-core-group-is-layout-5fdb10e5 wp-block-group-is-layout-grid\" style=\"padding-top:var(--wp--preset--spacing--50);padding-bottom:var(--wp--preset--spacing--50)\">\n<div class=\"wp-block-group is-vertical is-content-justification-stretch is-nowrap is-layout-flex wp-container-core-group-is-layout-627337ab wp-block-group-is-layout-flex\">\n<div class=\"wp-block-group is-vertical is-content-justification-left is-layout-flex wp-container-core-group-is-layout-dd225191 wp-block-group-is-layout-flex\">\n<h2 class=\"wp-block-heading is-style-text-annotation is-style-text-annotation--2\">1<\/h2>\n\n\n\n<p class=\"is-style-text-subtitle is-style-text-subtitle--3\">El siglo XIX en Argentina estuvo marcado por la independencia (1810-1816), las guerras civiles entre unitarios y federales, la consolidaci\u00f3n del Estado y la llegada masiva de inmigrantes europeos en la segunda mitad del siglo. Estos eventos influenciaron profundamente la m\u00fasica, generando una fusi\u00f3n de estilos que definir\u00eda la identidad sonora del pa\u00eds.<\/p>\n<\/div>\n\n\n\n<figure class=\"wp-block-image size-large\"><img loading=\"lazy\" decoding=\"async\" width=\"1024\" height=\"505\" src=\"https:\/\/blogs.uniandes.edu.co\/musicas-latinoamericanas\/wp-content\/uploads\/2025\/03\/2654533w10331-1033x509-1-1024x505.jpg\" alt=\"\" class=\"wp-image-272\" srcset=\"https:\/\/blogs.uniandes.edu.co\/musicas-latinoamericanas\/wp-content\/uploads\/2025\/03\/2654533w10331-1033x509-1-1024x505.jpg 1024w, https:\/\/blogs.uniandes.edu.co\/musicas-latinoamericanas\/wp-content\/uploads\/2025\/03\/2654533w10331-1033x509-1-300x148.jpg 300w, https:\/\/blogs.uniandes.edu.co\/musicas-latinoamericanas\/wp-content\/uploads\/2025\/03\/2654533w10331-1033x509-1-768x378.jpg 768w, https:\/\/blogs.uniandes.edu.co\/musicas-latinoamericanas\/wp-content\/uploads\/2025\/03\/2654533w10331-1033x509-1.jpg 1033w\" sizes=\"auto, (max-width: 1024px) 100vw, 1024px\" \/><\/figure>\n<\/div>\n\n\n\n<p>Marzo 16-1812: Jos\u00e9 de San Mart\u00edn y los Granaderos.<\/p>\n<\/div>\n<\/div>\n\n\n\n<div class=\"wp-block-group alignfull has-global-padding is-layout-constrained wp-block-group-is-layout-constrained\" style=\"margin-top:0;margin-bottom:0\">\n<div class=\"wp-block-group alignwide is-layout-flow wp-container-core-group-is-layout-d58a0413 wp-block-group-is-layout-flow\" style=\"padding-top:var(--wp--preset--spacing--50);padding-bottom:var(--wp--preset--spacing--50)\">\n<div class=\"wp-block-columns is-layout-flex wp-container-core-columns-is-layout-cbe57604 wp-block-columns-is-layout-flex\">\n<div class=\"wp-block-column is-layout-flow wp-block-column-is-layout-flow\">\n<div class=\"wp-block-group is-layout-flow wp-block-group-is-layout-flow\" style=\"border-top-color:var(--wp--preset--color--accent-6);border-top-width:1px;padding-top:var(--wp--preset--spacing--30);padding-bottom:var(--wp--preset--spacing--30)\">\n<p><strong>La m\u00fasica en tiempos de la independencia<\/strong>: La Revoluci\u00f3n de Mayo y la posterior independencia trajeron consigo himnos patri\u00f3ticos y marchas militares que buscaban fortalecer el sentimiento nacional.<br>La m\u00fasica se podr\u00eda dividir en esta epoca en tres grandes categor\u00edas<br><\/p>\n\n\n\n<p><\/p>\n\n\n\n<p><br><strong><em>Ambito Civil<\/em><\/strong>.<br><\/p>\n\n\n\n<figure class=\"wp-block-image size-large\"><img loading=\"lazy\" decoding=\"async\" width=\"1024\" height=\"613\" src=\"https:\/\/blogs.uniandes.edu.co\/musicas-latinoamericanas\/wp-content\/uploads\/2025\/03\/image-5-1024x613.png\" alt=\"\" class=\"wp-image-279\" srcset=\"https:\/\/blogs.uniandes.edu.co\/musicas-latinoamericanas\/wp-content\/uploads\/2025\/03\/image-5-1024x613.png 1024w, https:\/\/blogs.uniandes.edu.co\/musicas-latinoamericanas\/wp-content\/uploads\/2025\/03\/image-5-300x179.png 300w, https:\/\/blogs.uniandes.edu.co\/musicas-latinoamericanas\/wp-content\/uploads\/2025\/03\/image-5-768x460.png 768w, https:\/\/blogs.uniandes.edu.co\/musicas-latinoamericanas\/wp-content\/uploads\/2025\/03\/image-5-1536x919.png 1536w, https:\/\/blogs.uniandes.edu.co\/musicas-latinoamericanas\/wp-content\/uploads\/2025\/03\/image-5.png 1556w\" sizes=\"auto, (max-width: 1024px) 100vw, 1024px\" \/><\/figure>\n\n\n\n\n\n<p><br><br><\/p>\n<\/div>\n<\/div>\n\n\n\n<div class=\"wp-block-column is-layout-flow wp-block-column-is-layout-flow\">\n<div class=\"wp-block-group is-layout-flow wp-block-group-is-layout-flow\" style=\"border-top-color:var(--wp--preset--color--accent-6);border-top-width:1px;padding-top:var(--wp--preset--spacing--30);padding-bottom:var(--wp--preset--spacing--30)\">\n<h3 class=\"wp-block-heading\"><em><strong>Ambito Popular <\/strong>.<br><\/em><\/h3>\n\n\n\n<figure class=\"wp-block-image size-large\"><img loading=\"lazy\" decoding=\"async\" width=\"1024\" height=\"790\" src=\"https:\/\/blogs.uniandes.edu.co\/musicas-latinoamericanas\/wp-content\/uploads\/2025\/03\/image-6-1024x790.png\" alt=\"\" class=\"wp-image-281\" srcset=\"https:\/\/blogs.uniandes.edu.co\/musicas-latinoamericanas\/wp-content\/uploads\/2025\/03\/image-6-1024x790.png 1024w, https:\/\/blogs.uniandes.edu.co\/musicas-latinoamericanas\/wp-content\/uploads\/2025\/03\/image-6-300x231.png 300w, https:\/\/blogs.uniandes.edu.co\/musicas-latinoamericanas\/wp-content\/uploads\/2025\/03\/image-6-768x593.png 768w, https:\/\/blogs.uniandes.edu.co\/musicas-latinoamericanas\/wp-content\/uploads\/2025\/03\/image-6.png 1186w\" sizes=\"auto, (max-width: 1024px) 100vw, 1024px\" \/><\/figure>\n\n\n\n<p><strong><em>Ambito Religioso.<\/em><\/strong><br><br><\/p>\n\n\n\n<figure class=\"wp-block-embed is-type-video is-provider-youtube wp-block-embed-youtube wp-embed-aspect-16-9 wp-has-aspect-ratio\"><div class=\"wp-block-embed__wrapper\">\n<iframe loading=\"lazy\" title=\"JUAN PEDRO ESNAOLA: Misa a 3 voces (1824)\" width=\"500\" height=\"281\" src=\"https:\/\/www.youtube.com\/embed\/_r9Tkz5p9Us?list=PLvp57Ou2OgLegHPKzkVsZq8UnIxodvWej\" frameborder=\"0\" allow=\"accelerometer; autoplay; clipboard-write; encrypted-media; gyroscope; picture-in-picture; web-share\" referrerpolicy=\"strict-origin-when-cross-origin\" allowfullscreen><\/iframe>\n<\/div><\/figure>\n<\/div>\n<\/div>\n<\/div>\n\n\n\n<div class=\"wp-block-columns is-layout-flex wp-container-core-columns-is-layout-cbe57604 wp-block-columns-is-layout-flex\">\n<div class=\"wp-block-column is-layout-flow wp-block-column-is-layout-flow\">\n<div class=\"wp-block-group is-layout-flow wp-block-group-is-layout-flow\" style=\"border-top-color:var(--wp--preset--color--accent-6);border-top-width:1px;padding-top:var(--wp--preset--spacing--30);padding-bottom:var(--wp--preset--spacing--30)\">\n<p><strong>Compositores<\/strong><br><\/p>\n\n\n\n<figure class=\"wp-block-embed is-type-video is-provider-youtube wp-block-embed-youtube wp-embed-aspect-16-9 wp-has-aspect-ratio\"><div class=\"wp-block-embed__wrapper\">\n<iframe loading=\"lazy\" title=\"Juan Pedro Esnaola, Vals en Si b Mayor\" width=\"500\" height=\"281\" src=\"https:\/\/www.youtube.com\/embed\/8wkLVFlIdjQ?list=PLvp57Ou2OgLegHPKzkVsZq8UnIxodvWej\" frameborder=\"0\" allow=\"accelerometer; autoplay; clipboard-write; encrypted-media; gyroscope; picture-in-picture; web-share\" referrerpolicy=\"strict-origin-when-cross-origin\" allowfullscreen><\/iframe>\n<\/div><\/figure>\n\n\n\n<p>Juan Pedro Esnaola (1808-1878)<br><br><br><\/p>\n<\/div>\n<\/div>\n\n\n\n<div class=\"wp-block-column is-layout-flow wp-block-column-is-layout-flow\">\n<div class=\"wp-block-group is-layout-flow wp-block-group-is-layout-flow\" style=\"border-top-color:var(--wp--preset--color--accent-6);border-top-width:1px;padding-top:var(--wp--preset--spacing--30);padding-bottom:var(--wp--preset--spacing--30)\">\n<h3 class=\"wp-block-heading\"><\/h3>\n<\/div>\n<\/div>\n<\/div>\n<\/div>\n<\/div>\n\n\n\n<div class=\"wp-block-group alignfull has-global-padding is-layout-constrained wp-container-core-group-is-layout-08655630 wp-block-group-is-layout-constrained\" style=\"margin-top:0;margin-bottom:0;padding-top:var(--wp--preset--spacing--80);padding-bottom:var(--wp--preset--spacing--80)\">\n<div class=\"wp-block-group alignwide is-layout-flow wp-block-group-is-layout-flow\">\n<p class=\"has-text-align-center is-style-text-display is-style-text-display--4\" style=\"font-style:normal;font-weight:400\">Got questions? <br><a href=\"#\" rel=\"nofollow\">Feel free to reach out.<\/a><\/p>\n\n\n\n<div style=\"height:var(--wp--preset--spacing--40)\" aria-hidden=\"true\" class=\"wp-block-spacer\"><\/div>\n\n\n\n<ul class=\"wp-block-social-links has-icon-color is-style-logos-only is-content-justification-center is-layout-flex wp-container-core-social-links-is-layout-a89b3969 wp-block-social-links-is-layout-flex\"><li class=\"wp-social-link wp-social-link-twitter has-contrast-color wp-block-social-link\"><a href=\"#\" class=\"wp-block-social-link-anchor\"><svg width=\"24\" height=\"24\" viewBox=\"0 0 24 24\" version=\"1.1\" xmlns=\"http:\/\/www.w3.org\/2000\/svg\" aria-hidden=\"true\" focusable=\"false\"><path d=\"M22.23,5.924c-0.736,0.326-1.527,0.547-2.357,0.646c0.847-0.508,1.498-1.312,1.804-2.27 c-0.793,0.47-1.671,0.812-2.606,0.996C18.324,4.498,17.257,4,16.077,4c-2.266,0-4.103,1.837-4.103,4.103 c0,0.322,0.036,0.635,0.106,0.935C8.67,8.867,5.647,7.234,3.623,4.751C3.27,5.357,3.067,6.062,3.067,6.814 c0,1.424,0.724,2.679,1.825,3.415c-0.673-0.021-1.305-0.206-1.859-0.513c0,0.017,0,0.034,0,0.052c0,1.988,1.414,3.647,3.292,4.023 c-0.344,0.094-0.707,0.144-1.081,0.144c-0.264,0-0.521-0.026-0.772-0.074c0.522,1.63,2.038,2.816,3.833,2.85 c-1.404,1.1-3.174,1.756-5.096,1.756c-0.331,0-0.658-0.019-0.979-0.057c1.816,1.164,3.973,1.843,6.29,1.843 c7.547,0,11.675-6.252,11.675-11.675c0-0.178-0.004-0.355-0.012-0.531C20.985,7.47,21.68,6.747,22.23,5.924z\"><\/path><\/svg><span class=\"wp-block-social-link-label screen-reader-text\">Twitter<\/span><\/a><\/li>\n\n<li class=\"wp-social-link wp-social-link-facebook has-contrast-color wp-block-social-link\"><a href=\"#\" class=\"wp-block-social-link-anchor\"><svg width=\"24\" height=\"24\" viewBox=\"0 0 24 24\" version=\"1.1\" xmlns=\"http:\/\/www.w3.org\/2000\/svg\" aria-hidden=\"true\" focusable=\"false\"><path d=\"M12 2C6.5 2 2 6.5 2 12c0 5 3.7 9.1 8.4 9.9v-7H7.9V12h2.5V9.8c0-2.5 1.5-3.9 3.8-3.9 1.1 0 2.2.2 2.2.2v2.5h-1.3c-1.2 0-1.6.8-1.6 1.6V12h2.8l-.4 2.9h-2.3v7C18.3 21.1 22 17 22 12c0-5.5-4.5-10-10-10z\"><\/path><\/svg><span class=\"wp-block-social-link-label screen-reader-text\">Facebook<\/span><\/a><\/li>\n\n<li class=\"wp-social-link wp-social-link-instagram has-contrast-color wp-block-social-link\"><a href=\"#\" class=\"wp-block-social-link-anchor\"><svg width=\"24\" height=\"24\" viewBox=\"0 0 24 24\" version=\"1.1\" xmlns=\"http:\/\/www.w3.org\/2000\/svg\" aria-hidden=\"true\" focusable=\"false\"><path d=\"M12,4.622c2.403,0,2.688,0.009,3.637,0.052c0.877,0.04,1.354,0.187,1.671,0.31c0.42,0.163,0.72,0.358,1.035,0.673 c0.315,0.315,0.51,0.615,0.673,1.035c0.123,0.317,0.27,0.794,0.31,1.671c0.043,0.949,0.052,1.234,0.052,3.637 s-0.009,2.688-0.052,3.637c-0.04,0.877-0.187,1.354-0.31,1.671c-0.163,0.42-0.358,0.72-0.673,1.035 c-0.315,0.315-0.615,0.51-1.035,0.673c-0.317,0.123-0.794,0.27-1.671,0.31c-0.949,0.043-1.233,0.052-3.637,0.052 s-2.688-0.009-3.637-0.052c-0.877-0.04-1.354-0.187-1.671-0.31c-0.42-0.163-0.72-0.358-1.035-0.673 c-0.315-0.315-0.51-0.615-0.673-1.035c-0.123-0.317-0.27-0.794-0.31-1.671C4.631,14.688,4.622,14.403,4.622,12 s0.009-2.688,0.052-3.637c0.04-0.877,0.187-1.354,0.31-1.671c0.163-0.42,0.358-0.72,0.673-1.035 c0.315-0.315,0.615-0.51,1.035-0.673c0.317-0.123,0.794-0.27,1.671-0.31C9.312,4.631,9.597,4.622,12,4.622 M12,3 C9.556,3,9.249,3.01,8.289,3.054C7.331,3.098,6.677,3.25,6.105,3.472C5.513,3.702,5.011,4.01,4.511,4.511 c-0.5,0.5-0.808,1.002-1.038,1.594C3.25,6.677,3.098,7.331,3.054,8.289C3.01,9.249,3,9.556,3,12c0,2.444,0.01,2.751,0.054,3.711 c0.044,0.958,0.196,1.612,0.418,2.185c0.23,0.592,0.538,1.094,1.038,1.594c0.5,0.5,1.002,0.808,1.594,1.038 c0.572,0.222,1.227,0.375,2.185,0.418C9.249,20.99,9.556,21,12,21s2.751-0.01,3.711-0.054c0.958-0.044,1.612-0.196,2.185-0.418 c0.592-0.23,1.094-0.538,1.594-1.038c0.5-0.5,0.808-1.002,1.038-1.594c0.222-0.572,0.375-1.227,0.418-2.185 C20.99,14.751,21,14.444,21,12s-0.01-2.751-0.054-3.711c-0.044-0.958-0.196-1.612-0.418-2.185c-0.23-0.592-0.538-1.094-1.038-1.594 c-0.5-0.5-1.002-0.808-1.594-1.038c-0.572-0.222-1.227-0.375-2.185-0.418C14.751,3.01,14.444,3,12,3L12,3z M12,7.378 c-2.552,0-4.622,2.069-4.622,4.622S9.448,16.622,12,16.622s4.622-2.069,4.622-4.622S14.552,7.378,12,7.378z M12,15 c-1.657,0-3-1.343-3-3s1.343-3,3-3s3,1.343,3,3S13.657,15,12,15z M16.804,6.116c-0.596,0-1.08,0.484-1.08,1.08 s0.484,1.08,1.08,1.08c0.596,0,1.08-0.484,1.08-1.08S17.401,6.116,16.804,6.116z\"><\/path><\/svg><span class=\"wp-block-social-link-label screen-reader-text\">Instagram<\/span><\/a><\/li>\n\n<li class=\"wp-social-link wp-social-link-pinterest has-contrast-color wp-block-social-link\"><a href=\"#\" class=\"wp-block-social-link-anchor\"><svg width=\"24\" height=\"24\" viewBox=\"0 0 24 24\" version=\"1.1\" xmlns=\"http:\/\/www.w3.org\/2000\/svg\" aria-hidden=\"true\" focusable=\"false\"><path d=\"M12.289,2C6.617,2,3.606,5.648,3.606,9.622c0,1.846,1.025,4.146,2.666,4.878c0.25,0.111,0.381,0.063,0.439-0.169 c0.044-0.175,0.267-1.029,0.365-1.428c0.032-0.128,0.017-0.237-0.091-0.362C6.445,11.911,6.01,10.75,6.01,9.668 c0-2.777,2.194-5.464,5.933-5.464c3.23,0,5.49,2.108,5.49,5.122c0,3.407-1.794,5.768-4.13,5.768c-1.291,0-2.257-1.021-1.948-2.277 c0.372-1.495,1.089-3.112,1.089-4.191c0-0.967-0.542-1.775-1.663-1.775c-1.319,0-2.379,1.309-2.379,3.059 c0,1.115,0.394,1.869,0.394,1.869s-1.302,5.279-1.54,6.261c-0.405,1.666,0.053,4.368,0.094,4.604 c0.021,0.126,0.167,0.169,0.25,0.063c0.129-0.165,1.699-2.419,2.142-4.051c0.158-0.59,0.817-2.995,0.817-2.995 c0.43,0.784,1.681,1.446,3.013,1.446c3.963,0,6.822-3.494,6.822-7.833C20.394,5.112,16.849,2,12.289,2\"><\/path><\/svg><span class=\"wp-block-social-link-label screen-reader-text\">Pinterest<\/span><\/a><\/li><\/ul>\n<\/div>\n<\/div>\n\n\n\n<div class=\"wp-block-group alignfull has-global-padding is-layout-constrained wp-block-group-is-layout-constrained\" style=\"margin-top:0;margin-bottom:0\">\n<div class=\"wp-block-group alignwide is-layout-grid wp-container-core-group-is-layout-5fdb10e5 wp-block-group-is-layout-grid\" style=\"padding-top:var(--wp--preset--spacing--50);padding-bottom:var(--wp--preset--spacing--50)\">\n<div class=\"wp-block-group is-vertical is-content-justification-stretch is-nowrap is-layout-flex wp-container-core-group-is-layout-627337ab wp-block-group-is-layout-flex\">\n<div class=\"wp-block-group is-vertical is-content-justification-left is-layout-flex wp-container-core-group-is-layout-dd225191 wp-block-group-is-layout-flex\">\n<h2 class=\"wp-block-heading is-style-text-annotation is-style-text-annotation--5\">1<\/h2>\n\n\n\n<p class=\"is-style-text-subtitle is-style-text-subtitle--6\">El siglo XIX en Argentina estuvo marcado por la independencia (1810-1816), las guerras civiles entre unitarios y federales, la consolidaci\u00f3n del Estado y la llegada masiva de inmigrantes europeos en la segunda mitad del siglo. Estos eventos influenciaron profundamente la m\u00fasica, generando una fusi\u00f3n de estilos que definir\u00eda la identidad sonora del pa\u00eds.<\/p>\n<\/div>\n\n\n\n<figure class=\"wp-block-image size-full\"><img decoding=\"async\" src=\"https:\/\/blogs.uniandes.edu.co\/musicas-latinoamericanas\/wp-content\/themes\/twentytwentyfive\/assets\/images\/grid-flower-1.webp\" alt=\"Photography close up of a red flower.\" style=\"aspect-ratio:16\/9;object-fit:cover\"\/><\/figure>\n<\/div>\n\n\n\n<figure class=\"wp-block-image size-full\"><img decoding=\"async\" src=\"https:\/\/blogs.uniandes.edu.co\/musicas-latinoamericanas\/wp-content\/themes\/twentytwentyfive\/assets\/images\/grid-flower-2.webp\" alt=\"Black and white photography close up of a flower.\" style=\"aspect-ratio:3\/4;object-fit:cover\"\/><\/figure>\n<\/div>\n<\/div>\n","protected":false},"excerpt":{"rendered":"<p>Introducci\u00f3n. La m\u00fasica en Argentina durante el siglo XIX fue un reflejo de los profundos cambios sociales, pol\u00edticos y econ\u00f3micos que atraves\u00f3 el pa\u00eds. Desde la influencia europea en los salones aristocr\u00e1ticos hasta las expresiones populares en la naciente identidad nacional, este siglo marc\u00f3 la transici\u00f3n de un territorio colonial a una naci\u00f3n con un [&hellip;]<\/p>\n","protected":false},"author":5,"featured_media":0,"parent":0,"menu_order":0,"comment_status":"closed","ping_status":"closed","template":"","meta":{"footnotes":""},"class_list":["post-228","page","type-page","status-publish","hentry"],"_links":{"self":[{"href":"https:\/\/blogs.uniandes.edu.co\/musicas-latinoamericanas\/wp-json\/wp\/v2\/pages\/228","targetHints":{"allow":["GET"]}}],"collection":[{"href":"https:\/\/blogs.uniandes.edu.co\/musicas-latinoamericanas\/wp-json\/wp\/v2\/pages"}],"about":[{"href":"https:\/\/blogs.uniandes.edu.co\/musicas-latinoamericanas\/wp-json\/wp\/v2\/types\/page"}],"author":[{"embeddable":true,"href":"https:\/\/blogs.uniandes.edu.co\/musicas-latinoamericanas\/wp-json\/wp\/v2\/users\/5"}],"replies":[{"embeddable":true,"href":"https:\/\/blogs.uniandes.edu.co\/musicas-latinoamericanas\/wp-json\/wp\/v2\/comments?post=228"}],"version-history":[{"count":3,"href":"https:\/\/blogs.uniandes.edu.co\/musicas-latinoamericanas\/wp-json\/wp\/v2\/pages\/228\/revisions"}],"predecessor-version":[{"id":287,"href":"https:\/\/blogs.uniandes.edu.co\/musicas-latinoamericanas\/wp-json\/wp\/v2\/pages\/228\/revisions\/287"}],"wp:attachment":[{"href":"https:\/\/blogs.uniandes.edu.co\/musicas-latinoamericanas\/wp-json\/wp\/v2\/media?parent=228"}],"curies":[{"name":"wp","href":"https:\/\/api.w.org\/{rel}","templated":true}]}}