{"id":1610,"date":"2022-09-13T20:20:19","date_gmt":"2022-09-14T01:20:19","guid":{"rendered":"https:\/\/blogs.uniandes.edu.co\/taller-escritura-experimental\/?page_id=1610"},"modified":"2026-02-17T15:51:21","modified_gmt":"2026-02-17T20:51:21","slug":"ritmo","status":"publish","type":"page","link":"https:\/\/blogs.uniandes.edu.co\/taller-escritura-experimental\/ritmo\/","title":{"rendered":"RITMO"},"content":{"rendered":"\n<figure class=\"wp-block-image size-large\"><img loading=\"lazy\" decoding=\"async\" width=\"819\" height=\"1024\" src=\"https:\/\/blogs.uniandes.edu.co\/taller-escritura-experimental\/wp-content\/uploads\/sites\/4\/2022\/09\/ritmo-819x1024.jpeg\" alt=\"\" class=\"wp-image-1614\" srcset=\"https:\/\/blogs.uniandes.edu.co\/taller-escritura-experimental\/wp-content\/uploads\/sites\/4\/2022\/09\/ritmo-819x1024.jpeg 819w, https:\/\/blogs.uniandes.edu.co\/taller-escritura-experimental\/wp-content\/uploads\/sites\/4\/2022\/09\/ritmo-240x300.jpeg 240w, https:\/\/blogs.uniandes.edu.co\/taller-escritura-experimental\/wp-content\/uploads\/sites\/4\/2022\/09\/ritmo-768x960.jpeg 768w, https:\/\/blogs.uniandes.edu.co\/taller-escritura-experimental\/wp-content\/uploads\/sites\/4\/2022\/09\/ritmo.jpeg 1080w\" sizes=\"auto, (max-width: 819px) 100vw, 819px\" \/><\/figure>\n\n\n\n\n<ul class=\"wp-block-latest-posts__list wp-block-latest-posts\"><li><a class=\"wp-block-latest-posts__post-title\" href=\"https:\/\/blogs.uniandes.edu.co\/taller-escritura-experimental\/entre-el-y-yo\/\">Entre el y yo<\/a><\/li>\n<li><a class=\"wp-block-latest-posts__post-title\" href=\"https:\/\/blogs.uniandes.edu.co\/taller-escritura-experimental\/el-pescado-siempre-huele\/\">El pescado siempre huele<\/a><\/li>\n<li><a class=\"wp-block-latest-posts__post-title\" href=\"https:\/\/blogs.uniandes.edu.co\/taller-escritura-experimental\/maracuya\/\">maracuy\u00e1<\/a><\/li>\n<li><a class=\"wp-block-latest-posts__post-title\" href=\"https:\/\/blogs.uniandes.edu.co\/taller-escritura-experimental\/nunca-hemos-coincidido\/\">Nunca hemos coincidido<\/a><\/li>\n<li><a class=\"wp-block-latest-posts__post-title\" href=\"https:\/\/blogs.uniandes.edu.co\/taller-escritura-experimental\/pense-que-en-bogota-caia-nieve\/\">pens\u00e9 que en Bogot\u00e1 ca\u00eda nieve<\/a><\/li>\n<li><a class=\"wp-block-latest-posts__post-title\" href=\"https:\/\/blogs.uniandes.edu.co\/taller-escritura-experimental\/soberbia-tusa\/\">soberbia tusa<\/a><\/li>\n<li><a class=\"wp-block-latest-posts__post-title\" href=\"https:\/\/blogs.uniandes.edu.co\/taller-escritura-experimental\/que-queda-al-final\/\">\u00bfQu\u00e9 queda al final?<\/a><\/li>\n<li><a class=\"wp-block-latest-posts__post-title\" href=\"https:\/\/blogs.uniandes.edu.co\/taller-escritura-experimental\/noche-2\/\">Noche<\/a><\/li>\n<li><a class=\"wp-block-latest-posts__post-title\" href=\"https:\/\/blogs.uniandes.edu.co\/taller-escritura-experimental\/el-yo-y-todo-en-medio\/\">\u00c9l, yo y todo en medio.<\/a><\/li>\n<li><a class=\"wp-block-latest-posts__post-title\" href=\"https:\/\/blogs.uniandes.edu.co\/taller-escritura-experimental\/quien-es-ella\/\">\u00bfQui\u00e9n es Ella?<\/a><\/li>\n<li><a class=\"wp-block-latest-posts__post-title\" href=\"https:\/\/blogs.uniandes.edu.co\/taller-escritura-experimental\/aqui-todo-era-lo-mismo\/\">Aqu\u00ed todo era lo mismo<\/a><\/li>\n<li><a class=\"wp-block-latest-posts__post-title\" href=\"https:\/\/blogs.uniandes.edu.co\/taller-escritura-experimental\/frio\/\">Fr\u00edo<\/a><\/li>\n<li><a class=\"wp-block-latest-posts__post-title\" href=\"https:\/\/blogs.uniandes.edu.co\/taller-escritura-experimental\/130-a-m\/\">1:30 a.m<\/a><\/li>\n<li><a class=\"wp-block-latest-posts__post-title\" href=\"https:\/\/blogs.uniandes.edu.co\/taller-escritura-experimental\/el\/\">\u00c9l<\/a><\/li>\n<li><a class=\"wp-block-latest-posts__post-title\" href=\"https:\/\/blogs.uniandes.edu.co\/taller-escritura-experimental\/en-el-fondo\/\">En el fondo<\/a><\/li>\n<li><a class=\"wp-block-latest-posts__post-title\" href=\"https:\/\/blogs.uniandes.edu.co\/taller-escritura-experimental\/rimbombante\/\">RIMBOMBANTE<\/a><\/li>\n<\/ul>","protected":false},"excerpt":{"rendered":"","protected":false},"author":3,"featured_media":0,"parent":0,"menu_order":0,"comment_status":"closed","ping_status":"closed","template":"","meta":{"footnotes":""},"class_list":["post-1610","page","type-page","status-publish","hentry"],"_links":{"self":[{"href":"https:\/\/blogs.uniandes.edu.co\/taller-escritura-experimental\/wp-json\/wp\/v2\/pages\/1610","targetHints":{"allow":["GET"]}}],"collection":[{"href":"https:\/\/blogs.uniandes.edu.co\/taller-escritura-experimental\/wp-json\/wp\/v2\/pages"}],"about":[{"href":"https:\/\/blogs.uniandes.edu.co\/taller-escritura-experimental\/wp-json\/wp\/v2\/types\/page"}],"author":[{"embeddable":true,"href":"https:\/\/blogs.uniandes.edu.co\/taller-escritura-experimental\/wp-json\/wp\/v2\/users\/3"}],"replies":[{"embeddable":true,"href":"https:\/\/blogs.uniandes.edu.co\/taller-escritura-experimental\/wp-json\/wp\/v2\/comments?post=1610"}],"version-history":[{"count":4,"href":"https:\/\/blogs.uniandes.edu.co\/taller-escritura-experimental\/wp-json\/wp\/v2\/pages\/1610\/revisions"}],"predecessor-version":[{"id":2157,"href":"https:\/\/blogs.uniandes.edu.co\/taller-escritura-experimental\/wp-json\/wp\/v2\/pages\/1610\/revisions\/2157"}],"wp:attachment":[{"href":"https:\/\/blogs.uniandes.edu.co\/taller-escritura-experimental\/wp-json\/wp\/v2\/media?parent=1610"}],"curies":[{"name":"wp","href":"https:\/\/api.w.org\/{rel}","templated":true}]}}