{"id":1617,"date":"2022-09-13T20:30:41","date_gmt":"2022-09-14T01:30:41","guid":{"rendered":"https:\/\/blogs.uniandes.edu.co\/taller-escritura-experimental\/?page_id=1617"},"modified":"2022-09-13T20:49:46","modified_gmt":"2022-09-14T01:49:46","slug":"describir","status":"publish","type":"page","link":"https:\/\/blogs.uniandes.edu.co\/taller-escritura-experimental\/describir\/","title":{"rendered":"DESCRIBIR"},"content":{"rendered":"\n<figure class=\"wp-block-image size-large\"><img loading=\"lazy\" decoding=\"async\" width=\"1024\" height=\"677\" src=\"https:\/\/blogs.uniandes.edu.co\/taller-escritura-experimental\/wp-content\/uploads\/sites\/4\/2022\/09\/s3-1024x677.png\" alt=\"\" class=\"wp-image-1618\" srcset=\"https:\/\/blogs.uniandes.edu.co\/taller-escritura-experimental\/wp-content\/uploads\/sites\/4\/2022\/09\/s3-1024x677.png 1024w, https:\/\/blogs.uniandes.edu.co\/taller-escritura-experimental\/wp-content\/uploads\/sites\/4\/2022\/09\/s3-300x198.png 300w, https:\/\/blogs.uniandes.edu.co\/taller-escritura-experimental\/wp-content\/uploads\/sites\/4\/2022\/09\/s3-768x507.png 768w, https:\/\/blogs.uniandes.edu.co\/taller-escritura-experimental\/wp-content\/uploads\/sites\/4\/2022\/09\/s3.png 1500w\" sizes=\"auto, (max-width: 1024px) 100vw, 1024px\" \/><\/figure>\n\n\n\n<p class=\"has-gray-color has-purple-background-color has-text-color has-background\"><span style=\"background-color:#EEEADD\" class=\"tadv-background-color\">&#8220;Soy una negra de mierda, una ordinaria, una orillera, una<br>cuchillera, el mundo me queda grande, el tiempo me<br>queda grande, las sedas me quedan grandes, el respeto<br>me queda enorme, soy negra como el carb\u00f3n, como el<br>barro, como el pantano, soy negra de alma, de coraz\u00f3n,<br>de pensamiento, de nacimiento y destino. Soy una<br>atorranta, una desclasada, una sin tierra, una sombra de<br>lo que pude ser. Soy miserable, marginal, desubicada,<br>nunca s\u00e9 c\u00f3mo sonre\u00edr, c\u00f3mo pararme, c\u00f3mo aparentar,<br>soy un hueco sin fondo donde desaparece la esperanza y<br>la poes\u00eda, soy un paso al borde del precipicio y el esp\u00edritu<br>me pende de un hilo. Cuando llego a un lugar todos se<br>retiran, y como buena negra que soy, me arrimo al fuego<br>y relumbro, con un fulgor inusitado, como una trampa,<br>como si el mismo mal se depositara en mis destellos.&#8221;<br>Camila Sosa Villada<\/span><\/p>\n\n\n\n<hr class=\"wp-block-separator has-alpha-channel-opacity\"\/>\n\n\n<ul class=\"wp-block-latest-posts__list is-style-twentytwentyone-latest-posts-borders wp-block-latest-posts\"><li><a class=\"wp-block-latest-posts__post-title\" href=\"https:\/\/blogs.uniandes.edu.co\/taller-escritura-experimental\/m-e-r-c-e-d-e-s\/\">m e r c e d e s<\/a><\/li>\n<li><a class=\"wp-block-latest-posts__post-title\" href=\"https:\/\/blogs.uniandes.edu.co\/taller-escritura-experimental\/brazos-de-lienzo-pero-no-de-arte\/\">Brazos de lienzo, pero no de arte<\/a><\/li>\n<li><a class=\"wp-block-latest-posts__post-title\" href=\"https:\/\/blogs.uniandes.edu.co\/taller-escritura-experimental\/mojigata\/\">Mojigata<\/a><\/li>\n<li><a class=\"wp-block-latest-posts__post-title\" href=\"https:\/\/blogs.uniandes.edu.co\/taller-escritura-experimental\/una-abuela-linda-y-dulce-con-casita-y-te\/\">Una abuela linda y dulce con casita y t\u00e9<\/a><\/li>\n<li><a class=\"wp-block-latest-posts__post-title\" href=\"https:\/\/blogs.uniandes.edu.co\/taller-escritura-experimental\/ninjuan\/\">ni\u00f1Juan<\/a><\/li>\n<li><a class=\"wp-block-latest-posts__post-title\" href=\"https:\/\/blogs.uniandes.edu.co\/taller-escritura-experimental\/la-llamada\/\">La llamada<\/a><\/li>\n<li><a class=\"wp-block-latest-posts__post-title\" href=\"https:\/\/blogs.uniandes.edu.co\/taller-escritura-experimental\/eclipse\/\">Eclipse<\/a><\/li>\n<li><a class=\"wp-block-latest-posts__post-title\" href=\"https:\/\/blogs.uniandes.edu.co\/taller-escritura-experimental\/victoria\/\">Victoria<\/a><\/li>\n<li><a class=\"wp-block-latest-posts__post-title\" href=\"https:\/\/blogs.uniandes.edu.co\/taller-escritura-experimental\/miercoles\/\">Mi\u00e9rcoles<\/a><\/li>\n<li><a class=\"wp-block-latest-posts__post-title\" href=\"https:\/\/blogs.uniandes.edu.co\/taller-escritura-experimental\/soy-mala\/\">Soy mala<\/a><\/li>\n<li><a class=\"wp-block-latest-posts__post-title\" href=\"https:\/\/blogs.uniandes.edu.co\/taller-escritura-experimental\/gallinas-y-nombres\/\">Gallinas y Nombres<\/a><\/li>\n<li><a class=\"wp-block-latest-posts__post-title\" href=\"https:\/\/blogs.uniandes.edu.co\/taller-escritura-experimental\/la-senorita-a\/\">La se\u00f1orita A<\/a><\/li>\n<li><a class=\"wp-block-latest-posts__post-title\" href=\"https:\/\/blogs.uniandes.edu.co\/taller-escritura-experimental\/entre-el-lente-y-el-abismo\/\">Entre el lente y el abismo<\/a><\/li>\n<li><a class=\"wp-block-latest-posts__post-title\" href=\"https:\/\/blogs.uniandes.edu.co\/taller-escritura-experimental\/deliria\/\">dEl\u00edria<\/a><\/li>\n<li><a class=\"wp-block-latest-posts__post-title\" href=\"https:\/\/blogs.uniandes.edu.co\/taller-escritura-experimental\/fracasada\/\">Fracasada<\/a><\/li>\n<li><a class=\"wp-block-latest-posts__post-title\" href=\"https:\/\/blogs.uniandes.edu.co\/taller-escritura-experimental\/fragilidad-volatil\/\">fragilidad vol\u00e1til<\/a><\/li>\n<li><a class=\"wp-block-latest-posts__post-title\" href=\"https:\/\/blogs.uniandes.edu.co\/taller-escritura-experimental\/femenino-por-obligacion\/\">femenino por obligaci\u00f3n<\/a><\/li>\n<li><a class=\"wp-block-latest-posts__post-title\" href=\"https:\/\/blogs.uniandes.edu.co\/taller-escritura-experimental\/mi-breve-resistencia-como-contadora-publica\/\">Mi breve resistencia como contadora p\u00fablica<\/a><\/li>\n<li><a class=\"wp-block-latest-posts__post-title\" href=\"https:\/\/blogs.uniandes.edu.co\/taller-escritura-experimental\/1360-2\/\">El para\u00edso es un ba\u00f1o<\/a><\/li>\n<li><a class=\"wp-block-latest-posts__post-title\" href=\"https:\/\/blogs.uniandes.edu.co\/taller-escritura-experimental\/no-soy\/\">No soy<\/a><\/li>\n<li><a class=\"wp-block-latest-posts__post-title\" href=\"https:\/\/blogs.uniandes.edu.co\/taller-escritura-experimental\/maria-del-rosario\/\">Maria Del Rosario<\/a><\/li>\n<li><a class=\"wp-block-latest-posts__post-title\" href=\"https:\/\/blogs.uniandes.edu.co\/taller-escritura-experimental\/agua\/\">Agua<\/a><\/li>\n<li><a class=\"wp-block-latest-posts__post-title\" href=\"https:\/\/blogs.uniandes.edu.co\/taller-escritura-experimental\/16-de-agosto-del-2010\/\">16 de Agosto del 2010<\/a><\/li>\n<li><a class=\"wp-block-latest-posts__post-title\" href=\"https:\/\/blogs.uniandes.edu.co\/taller-escritura-experimental\/mi-paraguas-amarillo\/\">Mi paraguas amarillo<\/a><\/li>\n<li><a class=\"wp-block-latest-posts__post-title\" href=\"https:\/\/blogs.uniandes.edu.co\/taller-escritura-experimental\/madera-en-forma-de-tortuga\/\">Madera en forma de tortuga<\/a><\/li>\n<li><a class=\"wp-block-latest-posts__post-title\" href=\"https:\/\/blogs.uniandes.edu.co\/taller-escritura-experimental\/bajo-la-falda\/\">Bajo la falda<\/a><\/li>\n<li><a class=\"wp-block-latest-posts__post-title\" href=\"https:\/\/blogs.uniandes.edu.co\/taller-escritura-experimental\/inocente\/\">Inocente<\/a><\/li>\n<li><a class=\"wp-block-latest-posts__post-title\" href=\"https:\/\/blogs.uniandes.edu.co\/taller-escritura-experimental\/chupando-de-una-colilla\/\">Chupando de una colilla.<\/a><\/li>\n<li><a class=\"wp-block-latest-posts__post-title\" href=\"https:\/\/blogs.uniandes.edu.co\/taller-escritura-experimental\/jugando-uno-accidente-de-la-gata-plan-de-salida\/\">Jugando UNO, accidente de la gata, plan de salida.<\/a><\/li>\n<li><a class=\"wp-block-latest-posts__post-title\" href=\"https:\/\/blogs.uniandes.edu.co\/taller-escritura-experimental\/vive-en-la-basura\/\">Vive en la basura<\/a><\/li>\n<li><a class=\"wp-block-latest-posts__post-title\" href=\"https:\/\/blogs.uniandes.edu.co\/taller-escritura-experimental\/vacio-y-cajas\/\">vac\u00edo y cajas<\/a><\/li>\n<li><a class=\"wp-block-latest-posts__post-title\" href=\"https:\/\/blogs.uniandes.edu.co\/taller-escritura-experimental\/la-incertidumbre\/\">La Incertidumbre<\/a><\/li>\n<li><a class=\"wp-block-latest-posts__post-title\" href=\"https:\/\/blogs.uniandes.edu.co\/taller-escritura-experimental\/vomito-lloron\/\">V\u00f3mito llor\u00f3n.<\/a><\/li>\n<li><a class=\"wp-block-latest-posts__post-title\" href=\"https:\/\/blogs.uniandes.edu.co\/taller-escritura-experimental\/559-2\/\">Sol de verano<\/a><\/li>\n<li><a class=\"wp-block-latest-posts__post-title\" href=\"https:\/\/blogs.uniandes.edu.co\/taller-escritura-experimental\/le-han-pasado-bisturi-tantas-veces\/\">Le han pasado bistur\u00ed tantas veces<\/a><\/li>\n<li><a class=\"wp-block-latest-posts__post-title\" href=\"https:\/\/blogs.uniandes.edu.co\/taller-escritura-experimental\/aldana\/\">Aldana<\/a><\/li>\n<li><a class=\"wp-block-latest-posts__post-title\" href=\"https:\/\/blogs.uniandes.edu.co\/taller-escritura-experimental\/partimos-de-lo-que-vemos\/\">Partimos de lo que vemos<\/a><\/li>\n<li><a class=\"wp-block-latest-posts__post-title\" href=\"https:\/\/blogs.uniandes.edu.co\/taller-escritura-experimental\/monologos-diarios-lo-que-sentimos-antes-de-dormir\/\">Mon\u00f3logos diarios, lo que sentimos antes de dormir<\/a><\/li>\n<li><a class=\"wp-block-latest-posts__post-title\" href=\"https:\/\/blogs.uniandes.edu.co\/taller-escritura-experimental\/la-mujer-con-siete-nombres\/\">La mujer con siete nombres<\/a><\/li>\n<li><a class=\"wp-block-latest-posts__post-title\" href=\"https:\/\/blogs.uniandes.edu.co\/taller-escritura-experimental\/margarita-bermudez\/\">Margarita Berm\u00fadez<\/a><\/li>\n<li><a class=\"wp-block-latest-posts__post-title\" href=\"https:\/\/blogs.uniandes.edu.co\/taller-escritura-experimental\/tribu\/\">Tribu<\/a><\/li>\n<li><a class=\"wp-block-latest-posts__post-title\" href=\"https:\/\/blogs.uniandes.edu.co\/taller-escritura-experimental\/lo-que-esconde-la-mirada-misteriosa\/\">Lo que esconde la mirada misteriosa<\/a><\/li>\n<\/ul>\n\n\n<p class=\"has-blue-color has-text-color\" style=\"text-transform:lowercase\"><span style=\"color:#D1E4DD\" class=\"tadv-color\"><span style=\"background-color:#39414D\" class=\"tadv-background-color\"><a href=\"https:\/\/blogs.uniandes.edu.co\/taller-escritura-experimental\/category\/describir+2021.1\">DESCRIBIR: EJERCICIOS 2021.1<\/a><\/span><\/span>d<\/p>\n\n\n\n<p class=\"has-gray-color has-text-color\" style=\"text-transform:lowercase\"><span style=\"background-color:#FFFFFF\" class=\"tadv-background-color\"><a href=\"https:\/\/blogs.uniandes.edu.co\/taller-escritura-experimental\/category\/describir+2021.2\">describir: ejercicios 2021.2<\/a><\/span><\/p>\n\n\n\n<p><span style=\"color:#D1E4DD\" class=\"tadv-color\"><span style=\"background-color:#D1D1E4\" class=\"tadv-background-color\"><a href=\"https:\/\/blogs.uniandes.edu.co\/taller-escritura-experimental\/category\/describir+2022.2\/\">describir: ejercicios 2022.2<\/a><\/span><\/span><\/p>\n\n\n\n<p><\/p>\n","protected":false},"excerpt":{"rendered":"<p>&#8220;Soy una negra de mierda, una ordinaria, una orillera, unacuchillera, el mundo me queda grande, el tiempo mequeda grande, las sedas me quedan grandes, el respetome queda enorme, soy negra como el carb\u00f3n, como elbarro, como el pantano, soy negra de alma, de coraz\u00f3n,de pensamiento, de nacimiento y destino. Soy unaatorranta, una desclasada, una sin [&hellip;]<\/p>\n","protected":false},"author":3,"featured_media":0,"parent":0,"menu_order":0,"comment_status":"closed","ping_status":"closed","template":"","meta":{"footnotes":""},"class_list":["post-1617","page","type-page","status-publish","hentry"],"_links":{"self":[{"href":"https:\/\/blogs.uniandes.edu.co\/taller-escritura-experimental\/wp-json\/wp\/v2\/pages\/1617","targetHints":{"allow":["GET"]}}],"collection":[{"href":"https:\/\/blogs.uniandes.edu.co\/taller-escritura-experimental\/wp-json\/wp\/v2\/pages"}],"about":[{"href":"https:\/\/blogs.uniandes.edu.co\/taller-escritura-experimental\/wp-json\/wp\/v2\/types\/page"}],"author":[{"embeddable":true,"href":"https:\/\/blogs.uniandes.edu.co\/taller-escritura-experimental\/wp-json\/wp\/v2\/users\/3"}],"replies":[{"embeddable":true,"href":"https:\/\/blogs.uniandes.edu.co\/taller-escritura-experimental\/wp-json\/wp\/v2\/comments?post=1617"}],"version-history":[{"count":4,"href":"https:\/\/blogs.uniandes.edu.co\/taller-escritura-experimental\/wp-json\/wp\/v2\/pages\/1617\/revisions"}],"predecessor-version":[{"id":1626,"href":"https:\/\/blogs.uniandes.edu.co\/taller-escritura-experimental\/wp-json\/wp\/v2\/pages\/1617\/revisions\/1626"}],"wp:attachment":[{"href":"https:\/\/blogs.uniandes.edu.co\/taller-escritura-experimental\/wp-json\/wp\/v2\/media?parent=1617"}],"curies":[{"name":"wp","href":"https:\/\/api.w.org\/{rel}","templated":true}]}}