{"id":1638,"date":"2022-09-13T21:25:11","date_gmt":"2022-09-14T02:25:11","guid":{"rendered":"https:\/\/blogs.uniandes.edu.co\/taller-escritura-experimental\/?page_id=1638"},"modified":"2022-09-13T21:49:08","modified_gmt":"2022-09-14T02:49:08","slug":"palabriar","status":"publish","type":"page","link":"https:\/\/blogs.uniandes.edu.co\/taller-escritura-experimental\/palabriar\/","title":{"rendered":"PALABRIAR"},"content":{"rendered":"\n<figure class=\"wp-block-image size-full\"><img loading=\"lazy\" decoding=\"async\" width=\"604\" height=\"340\" src=\"https:\/\/blogs.uniandes.edu.co\/taller-escritura-experimental\/wp-content\/uploads\/sites\/4\/2022\/09\/lengua.jpeg\" alt=\"\" class=\"wp-image-1639\" srcset=\"https:\/\/blogs.uniandes.edu.co\/taller-escritura-experimental\/wp-content\/uploads\/sites\/4\/2022\/09\/lengua.jpeg 604w, https:\/\/blogs.uniandes.edu.co\/taller-escritura-experimental\/wp-content\/uploads\/sites\/4\/2022\/09\/lengua-300x169.jpeg 300w\" sizes=\"auto, (max-width: 604px) 100vw, 604px\" \/><figcaption>Esta, para alucinar un poquito, es la imagen microsc\u00f3pica de la lengua humana. La lengua contiene todas las lenguas.&nbsp;<\/figcaption><\/figure>\n\n\n\n<p>Ejercicio previo con las palabras:&nbsp;<a rel=\"noreferrer noopener\" href=\"https:\/\/blogs.uniandes.edu.co\/taller-escritura-experimental\/versos-libres\/\" target=\"_blank\">https:\/\/blogs.uniandes.edu.co\/taller-escritura-experimental\/versos-libres\/<\/a><\/p>\n\n\n\n<p>4. Investigar \/ pensar 4 palabras.<\/p>\n\n\n\n<p>referente:&nbsp;<a rel=\"noreferrer noopener\" href=\"https:\/\/ubu.com\/sound\/gloss.html?s=08\" target=\"_blank\">https:\/\/ubu.com\/sound\/gloss.html?s=08<\/a><\/p>\n\n\n\n<p>Tomando 4 palabras vamos a construir un glosario\/glos\u00e1tero.&nbsp;<\/p>\n\n\n\n<p>Glosa: La lengua como \u00f3rgano y la lengua como lenguaje. Composici\u00f3n po\u00e9tica elaborada a partir de unos versos que aparecen al principio y que se van desarrollando y explicando. Unas notas explicativas que se ponen al lado de una palabra que no es clara.&nbsp;<\/p>\n\n\n\n<p>un glosatero tiene que ver en cambio con las alas. Como el migrante como las palabras que se abren y que viajan. Es la escritura atenta a la experimentaci\u00f3n no descriptiva.&nbsp;<\/p>\n\n\n\n<p>Cada una escoge una palabra y la pone sobre &#8220;la mesa&#8221;. Los demxs la vamos a amplificar, a reverberarla, a proliferarla. Es una palabra que uno quiere investigar. La atenci\u00f3n es provisional, parcial, cambiante. Para aprender lat\u00edn se hac\u00edan dos ejercicios en la antiguedad, y se siguen haciendo. El arreductio y el amplificato. El amplificato ensancha, amplifica los elementos de un texto. El arreductio los reduce. Esta semana estamos pensando en esa dicotom\u00eda. Vamos a escribir reduciendo (la exposici\u00f3n de 5 palabras) y vamos a ensanchar por otra parte, con el glosatero. El pensamiento binario y el mundo de las clasificaciones nos hacen pensar que cuando definimos algo, damos una verdad, una explicaci\u00f3n cerrada de lo que algo puede significar. Para este ejercicio es necesario invocar las met\u00e1foras y olvidarse de las definiciones certeras o explicadoras, y si, m\u00e1s bien si, darle paso a lo raro, al sin sentido, a lo especulativo a la agencia de lo desconocido.&nbsp;<\/p>\n\n\n\n<p>google doc:&nbsp;<a rel=\"noreferrer noopener\" href=\"https:\/\/docs.google.com\/document\/d\/1dXsXSyS_O-NG326P6_cmVYdm0ewUuvCKnz4cZvS2nfU\/edit\" target=\"_blank\">https:\/\/docs.google.com\/document\/d\/1dXsXSyS_O-NG326P6_cmVYdm0ewUuvCKnz4cZvS2nfU\/edit<\/a><\/p>\n\n\n\n<p>Ejercicio previo con las palabras:&nbsp;<a rel=\"noreferrer noopener\" href=\"https:\/\/blogs.uniandes.edu.co\/taller-escritura-experimental\/versos-libres\/\" target=\"_blank\">https:\/\/blogs.uniandes.edu.co\/taller-escritura-experimental\/versos-libres\/<\/a><\/p>\n\n\n\n<p><\/p>\n\n\n<ul class=\"wp-block-latest-posts__list has-dates is-style-twentytwentyone-latest-posts-borders wp-block-latest-posts\"><li><a class=\"wp-block-latest-posts__post-title\" href=\"https:\/\/blogs.uniandes.edu.co\/taller-escritura-experimental\/marina\/\">MARINA<\/a><time datetime=\"2021-06-03T09:59:34-05:00\" class=\"wp-block-latest-posts__post-date\">3 junio, 2021<\/time><\/li>\n<li><a class=\"wp-block-latest-posts__post-title\" href=\"https:\/\/blogs.uniandes.edu.co\/taller-escritura-experimental\/burbuja\/\">Burbuja<\/a><time datetime=\"2021-06-01T21:32:24-05:00\" class=\"wp-block-latest-posts__post-date\">1 junio, 2021<\/time><\/li>\n<li><a class=\"wp-block-latest-posts__post-title\" href=\"https:\/\/blogs.uniandes.edu.co\/taller-escritura-experimental\/glosatero\/\">Glos\u00e1tero<\/a><time datetime=\"2021-05-25T14:36:20-05:00\" class=\"wp-block-latest-posts__post-date\">25 mayo, 2021<\/time><\/li>\n<li><a class=\"wp-block-latest-posts__post-title\" href=\"https:\/\/blogs.uniandes.edu.co\/taller-escritura-experimental\/selvatico\/\">Selv\u00e1tico<\/a><time datetime=\"2021-04-19T23:15:47-05:00\" class=\"wp-block-latest-posts__post-date\">19 abril, 2021<\/time><\/li>\n<li><a class=\"wp-block-latest-posts__post-title\" href=\"https:\/\/blogs.uniandes.edu.co\/taller-escritura-experimental\/roncar\/\">Roncar<\/a><time datetime=\"2021-04-13T10:05:04-05:00\" class=\"wp-block-latest-posts__post-date\">13 abril, 2021<\/time><\/li>\n<li><a class=\"wp-block-latest-posts__post-title\" href=\"https:\/\/blogs.uniandes.edu.co\/taller-escritura-experimental\/juguemos\/\">Juguemos<\/a><time datetime=\"2021-04-13T10:02:17-05:00\" class=\"wp-block-latest-posts__post-date\">13 abril, 2021<\/time><\/li>\n<li><a class=\"wp-block-latest-posts__post-title\" href=\"https:\/\/blogs.uniandes.edu.co\/taller-escritura-experimental\/pluma\/\">Pluma<\/a><time datetime=\"2021-04-13T09:12:37-05:00\" class=\"wp-block-latest-posts__post-date\">13 abril, 2021<\/time><\/li>\n<li><a class=\"wp-block-latest-posts__post-title\" href=\"https:\/\/blogs.uniandes.edu.co\/taller-escritura-experimental\/kmron\/\">kmr\u00f3n<\/a><time datetime=\"2021-04-13T08:56:42-05:00\" class=\"wp-block-latest-posts__post-date\">13 abril, 2021<\/time><\/li>\n<li><a class=\"wp-block-latest-posts__post-title\" href=\"https:\/\/blogs.uniandes.edu.co\/taller-escritura-experimental\/versatil\/\">Vers\u00e1til<\/a><time datetime=\"2021-04-13T07:10:55-05:00\" class=\"wp-block-latest-posts__post-date\">13 abril, 2021<\/time><\/li>\n<li><a class=\"wp-block-latest-posts__post-title\" href=\"https:\/\/blogs.uniandes.edu.co\/taller-escritura-experimental\/717-2\/\">#717 Sin t\u00edtulo<\/a><time datetime=\"2021-04-11T14:59:54-05:00\" class=\"wp-block-latest-posts__post-date\">11 abril, 2021<\/time><\/li>\n<li><a class=\"wp-block-latest-posts__post-title\" href=\"https:\/\/blogs.uniandes.edu.co\/taller-escritura-experimental\/intimida\/\">Intimida<\/a><time datetime=\"2021-04-08T20:22:56-05:00\" class=\"wp-block-latest-posts__post-date\">8 abril, 2021<\/time><\/li>\n<li><a class=\"wp-block-latest-posts__post-title\" href=\"https:\/\/blogs.uniandes.edu.co\/taller-escritura-experimental\/versos-libres\/\">Versos libres<\/a><time datetime=\"2021-04-06T11:51:24-05:00\" class=\"wp-block-latest-posts__post-date\">6 abril, 2021<\/time><\/li>\n<\/ul>","protected":false},"excerpt":{"rendered":"<p>Ejercicio previo con las palabras:&nbsp;https:\/\/blogs.uniandes.edu.co\/taller-escritura-experimental\/versos-libres\/ 4. Investigar \/ pensar 4 palabras. referente:&nbsp;https:\/\/ubu.com\/sound\/gloss.html?s=08 Tomando 4 palabras vamos a construir un glosario\/glos\u00e1tero.&nbsp; Glosa: La lengua como \u00f3rgano y la lengua como lenguaje. Composici\u00f3n po\u00e9tica elaborada a partir de unos versos que aparecen al principio y que se van desarrollando y explicando. Unas notas explicativas que se ponen [&hellip;]<\/p>\n","protected":false},"author":3,"featured_media":0,"parent":0,"menu_order":0,"comment_status":"closed","ping_status":"closed","template":"","meta":{"footnotes":""},"class_list":["post-1638","page","type-page","status-publish","hentry"],"_links":{"self":[{"href":"https:\/\/blogs.uniandes.edu.co\/taller-escritura-experimental\/wp-json\/wp\/v2\/pages\/1638","targetHints":{"allow":["GET"]}}],"collection":[{"href":"https:\/\/blogs.uniandes.edu.co\/taller-escritura-experimental\/wp-json\/wp\/v2\/pages"}],"about":[{"href":"https:\/\/blogs.uniandes.edu.co\/taller-escritura-experimental\/wp-json\/wp\/v2\/types\/page"}],"author":[{"embeddable":true,"href":"https:\/\/blogs.uniandes.edu.co\/taller-escritura-experimental\/wp-json\/wp\/v2\/users\/3"}],"replies":[{"embeddable":true,"href":"https:\/\/blogs.uniandes.edu.co\/taller-escritura-experimental\/wp-json\/wp\/v2\/comments?post=1638"}],"version-history":[{"count":4,"href":"https:\/\/blogs.uniandes.edu.co\/taller-escritura-experimental\/wp-json\/wp\/v2\/pages\/1638\/revisions"}],"predecessor-version":[{"id":1656,"href":"https:\/\/blogs.uniandes.edu.co\/taller-escritura-experimental\/wp-json\/wp\/v2\/pages\/1638\/revisions\/1656"}],"wp:attachment":[{"href":"https:\/\/blogs.uniandes.edu.co\/taller-escritura-experimental\/wp-json\/wp\/v2\/media?parent=1638"}],"curies":[{"name":"wp","href":"https:\/\/api.w.org\/{rel}","templated":true}]}}