{"id":1642,"date":"2022-09-13T21:35:38","date_gmt":"2022-09-14T02:35:38","guid":{"rendered":"https:\/\/blogs.uniandes.edu.co\/taller-escritura-experimental\/?page_id=1642"},"modified":"2022-09-13T21:36:22","modified_gmt":"2022-09-14T02:36:22","slug":"reducir","status":"publish","type":"page","link":"https:\/\/blogs.uniandes.edu.co\/taller-escritura-experimental\/reducir\/","title":{"rendered":"REDUCIR"},"content":{"rendered":"\n<figure class=\"wp-block-image size-full\"><img loading=\"lazy\" decoding=\"async\" width=\"750\" height=\"989\" src=\"https:\/\/blogs.uniandes.edu.co\/taller-escritura-experimental\/wp-content\/uploads\/sites\/4\/2022\/09\/s5.png\" alt=\"\" class=\"wp-image-1643\" srcset=\"https:\/\/blogs.uniandes.edu.co\/taller-escritura-experimental\/wp-content\/uploads\/sites\/4\/2022\/09\/s5.png 750w, https:\/\/blogs.uniandes.edu.co\/taller-escritura-experimental\/wp-content\/uploads\/sites\/4\/2022\/09\/s5-228x300.png 228w\" sizes=\"auto, (max-width: 750px) 100vw, 750px\" \/><\/figure>\n\n\n\n<p>Leer pr\u00f3logo Bonsai.&nbsp;<\/p>\n\n\n\n<p><span style=\"background-color:#c19898\" class=\"tadv-background-color\">&#8220;Cuando despert\u00f3, el dinosaurio todav\u00eda estaba all\u00ed.&#8221; <\/span><\/p>\n\n\n\n<p><span style=\"background-color:#c19898\" class=\"tadv-background-color\">Augusto Monteroso.\u00a0<\/span><\/p>\n\n\n\n<p>3. Escribir una historia de la manera m\u00e1s breve que sea posible. <\/p>\n\n\n\n<p>Como Augusto. (Reducir en el Blog)<\/p>\n\n\n\n<p><\/p>\n\n\n<ul class=\"wp-block-latest-posts__list has-dates is-style-twentytwentyone-latest-posts-borders wp-block-latest-posts\"><li><a class=\"wp-block-latest-posts__post-title\" href=\"https:\/\/blogs.uniandes.edu.co\/taller-escritura-experimental\/prision\/\">Prisi\u00f3n<\/a><time datetime=\"2022-12-03T18:53:19-05:00\" class=\"wp-block-latest-posts__post-date\">3 diciembre, 2022<\/time><\/li>\n<li><a class=\"wp-block-latest-posts__post-title\" href=\"https:\/\/blogs.uniandes.edu.co\/taller-escritura-experimental\/samuelito\/\">Samuelito<\/a><time datetime=\"2022-11-29T20:45:34-05:00\" class=\"wp-block-latest-posts__post-date\">29 noviembre, 2022<\/time><\/li>\n<li><a class=\"wp-block-latest-posts__post-title\" href=\"https:\/\/blogs.uniandes.edu.co\/taller-escritura-experimental\/nuevo-restaurante-de-moda-en-la-zona-g-bogota-2049\/\">Nuevo restaurante de moda en la zona G. Bogot\u00e0, 2049<\/a><time datetime=\"2021-12-15T17:25:01-05:00\" class=\"wp-block-latest-posts__post-date\">15 diciembre, 2021<\/time><\/li>\n<li><a class=\"wp-block-latest-posts__post-title\" href=\"https:\/\/blogs.uniandes.edu.co\/taller-escritura-experimental\/no-te-subas-el-cierre\/\">No te subas el cierre<\/a><time datetime=\"2021-12-13T16:11:39-05:00\" class=\"wp-block-latest-posts__post-date\">13 diciembre, 2021<\/time><\/li>\n<li><a class=\"wp-block-latest-posts__post-title\" href=\"https:\/\/blogs.uniandes.edu.co\/taller-escritura-experimental\/faro\/\">Faro<\/a><time datetime=\"2021-12-13T15:52:28-05:00\" class=\"wp-block-latest-posts__post-date\">13 diciembre, 2021<\/time><\/li>\n<li><a class=\"wp-block-latest-posts__post-title\" href=\"https:\/\/blogs.uniandes.edu.co\/taller-escritura-experimental\/barco-dentro-de-una-botella\/\">Barco dentro de una botella<\/a><time datetime=\"2021-12-01T15:38:26-05:00\" class=\"wp-block-latest-posts__post-date\">1 diciembre, 2021<\/time><\/li>\n<li><a class=\"wp-block-latest-posts__post-title\" href=\"https:\/\/blogs.uniandes.edu.co\/taller-escritura-experimental\/no-me-afecta\/\">No me afecta<\/a><time datetime=\"2021-04-21T09:47:14-05:00\" class=\"wp-block-latest-posts__post-date\">21 abril, 2021<\/time><\/li>\n<li><a class=\"wp-block-latest-posts__post-title\" href=\"https:\/\/blogs.uniandes.edu.co\/taller-escritura-experimental\/hilos\/\">Hilos<\/a><time datetime=\"2021-04-20T10:08:24-05:00\" class=\"wp-block-latest-posts__post-date\">20 abril, 2021<\/time><\/li>\n<li><a class=\"wp-block-latest-posts__post-title\" href=\"https:\/\/blogs.uniandes.edu.co\/taller-escritura-experimental\/fabulas-para-antes-de-dormir\/\">F\u00e1bulas para antes de dormir<\/a><time datetime=\"2021-04-20T10:01:03-05:00\" class=\"wp-block-latest-posts__post-date\">20 abril, 2021<\/time><\/li>\n<li><a class=\"wp-block-latest-posts__post-title\" href=\"https:\/\/blogs.uniandes.edu.co\/taller-escritura-experimental\/ambivalentes\/\">Ambivalentes<\/a><time datetime=\"2021-04-20T09:44:29-05:00\" class=\"wp-block-latest-posts__post-date\">20 abril, 2021<\/time><\/li>\n<li><a class=\"wp-block-latest-posts__post-title\" href=\"https:\/\/blogs.uniandes.edu.co\/taller-escritura-experimental\/y-colorin-colorado-este-cuento-se-ha-acabado\/\">Y color\u00edn colorado, este cuento se ha acabado<\/a><time datetime=\"2021-04-20T09:43:09-05:00\" class=\"wp-block-latest-posts__post-date\">20 abril, 2021<\/time><\/li>\n<li><a class=\"wp-block-latest-posts__post-title\" href=\"https:\/\/blogs.uniandes.edu.co\/taller-escritura-experimental\/801-2\/\">Olvid\u00e9 tomar el agua<\/a><time datetime=\"2021-04-20T09:33:52-05:00\" class=\"wp-block-latest-posts__post-date\">20 abril, 2021<\/time><\/li>\n<li><a class=\"wp-block-latest-posts__post-title\" href=\"https:\/\/blogs.uniandes.edu.co\/taller-escritura-experimental\/dona-felicia\/\">Do\u00f1a Felicia<\/a><time datetime=\"2021-04-20T09:33:32-05:00\" class=\"wp-block-latest-posts__post-date\">20 abril, 2021<\/time><\/li>\n<li><a class=\"wp-block-latest-posts__post-title\" href=\"https:\/\/blogs.uniandes.edu.co\/taller-escritura-experimental\/futuro\/\">futuro<\/a><time datetime=\"2021-04-20T09:33:13-05:00\" class=\"wp-block-latest-posts__post-date\">20 abril, 2021<\/time><\/li>\n<li><a class=\"wp-block-latest-posts__post-title\" href=\"https:\/\/blogs.uniandes.edu.co\/taller-escritura-experimental\/y\/\">Y<\/a><time datetime=\"2021-04-20T09:27:03-05:00\" class=\"wp-block-latest-posts__post-date\">20 abril, 2021<\/time><\/li>\n<li><a class=\"wp-block-latest-posts__post-title\" href=\"https:\/\/blogs.uniandes.edu.co\/taller-escritura-experimental\/colon-frustrado\/\">Col\u00f3n Frustrado<\/a><time datetime=\"2021-04-20T08:59:47-05:00\" class=\"wp-block-latest-posts__post-date\">20 abril, 2021<\/time><\/li>\n<li><a class=\"wp-block-latest-posts__post-title\" href=\"https:\/\/blogs.uniandes.edu.co\/taller-escritura-experimental\/jabon\/\">Jab\u00f3n<\/a><time datetime=\"2021-04-20T08:43:49-05:00\" class=\"wp-block-latest-posts__post-date\">20 abril, 2021<\/time><\/li>\n<li><a class=\"wp-block-latest-posts__post-title\" href=\"https:\/\/blogs.uniandes.edu.co\/taller-escritura-experimental\/antes-de-dormir\/\">Antes de dormir<\/a><time datetime=\"2021-04-20T08:38:23-05:00\" class=\"wp-block-latest-posts__post-date\">20 abril, 2021<\/time><\/li>\n<li><a class=\"wp-block-latest-posts__post-title\" href=\"https:\/\/blogs.uniandes.edu.co\/taller-escritura-experimental\/amala\/\">\u00c1mala<\/a><time datetime=\"2021-04-19T22:58:41-05:00\" class=\"wp-block-latest-posts__post-date\">19 abril, 2021<\/time><\/li>\n<li><a class=\"wp-block-latest-posts__post-title\" href=\"https:\/\/blogs.uniandes.edu.co\/taller-escritura-experimental\/un-grito-pequeninininin\/\">Un grito peque\u00f1inininin<\/a><time datetime=\"2021-04-19T22:28:11-05:00\" class=\"wp-block-latest-posts__post-date\">19 abril, 2021<\/time><\/li>\n<li><a class=\"wp-block-latest-posts__post-title\" href=\"https:\/\/blogs.uniandes.edu.co\/taller-escritura-experimental\/759-2\/\">Entre risotto y risotto se asoma dios.<\/a><time datetime=\"2021-04-17T12:52:52-05:00\" class=\"wp-block-latest-posts__post-date\">17 abril, 2021<\/time><\/li>\n<\/ul>\n\n\n<p><a href=\"https:\/\/blogs.uniandes.edu.co\/taller-escritura-experimental\/category\/reducir+2021.1\/\"><span style=\"background-color:#c89999\" class=\"tadv-background-color\">reducir: 2021.1<\/span><\/a><\/p>\n\n\n\n<p><a href=\"https:\/\/blogs.uniandes.edu.co\/taller-escritura-experimental\/category\/reducir+2021.2\/\"><span style=\"background-color:#D1D1E4\" class=\"tadv-background-color\">reducir: 2021.2<\/span><\/a><\/p>\n\n\n\n<p><a href=\"https:\/\/blogs.uniandes.edu.co\/taller-escritura-experimental\/category\/reducir+2022.2\/\"><span style=\"background-color:#8bb4bc\" class=\"tadv-background-color\">reducir:2022.1<\/span><\/a><\/p>\n","protected":false},"excerpt":{"rendered":"<p>Leer pr\u00f3logo Bonsai.&nbsp; &#8220;Cuando despert\u00f3, el dinosaurio todav\u00eda estaba all\u00ed.&#8221; Augusto Monteroso.\u00a0 3. Escribir una historia de la manera m\u00e1s breve que sea posible. Como Augusto. (Reducir en el Blog) reducir: 2021.1 reducir: 2021.2 reducir:2022.1<\/p>\n","protected":false},"author":3,"featured_media":0,"parent":0,"menu_order":0,"comment_status":"closed","ping_status":"closed","template":"","meta":{"footnotes":""},"class_list":["post-1642","page","type-page","status-publish","hentry"],"_links":{"self":[{"href":"https:\/\/blogs.uniandes.edu.co\/taller-escritura-experimental\/wp-json\/wp\/v2\/pages\/1642","targetHints":{"allow":["GET"]}}],"collection":[{"href":"https:\/\/blogs.uniandes.edu.co\/taller-escritura-experimental\/wp-json\/wp\/v2\/pages"}],"about":[{"href":"https:\/\/blogs.uniandes.edu.co\/taller-escritura-experimental\/wp-json\/wp\/v2\/types\/page"}],"author":[{"embeddable":true,"href":"https:\/\/blogs.uniandes.edu.co\/taller-escritura-experimental\/wp-json\/wp\/v2\/users\/3"}],"replies":[{"embeddable":true,"href":"https:\/\/blogs.uniandes.edu.co\/taller-escritura-experimental\/wp-json\/wp\/v2\/comments?post=1642"}],"version-history":[{"count":2,"href":"https:\/\/blogs.uniandes.edu.co\/taller-escritura-experimental\/wp-json\/wp\/v2\/pages\/1642\/revisions"}],"predecessor-version":[{"id":1646,"href":"https:\/\/blogs.uniandes.edu.co\/taller-escritura-experimental\/wp-json\/wp\/v2\/pages\/1642\/revisions\/1646"}],"wp:attachment":[{"href":"https:\/\/blogs.uniandes.edu.co\/taller-escritura-experimental\/wp-json\/wp\/v2\/media?parent=1642"}],"curies":[{"name":"wp","href":"https:\/\/api.w.org\/{rel}","templated":true}]}}