{"id":1658,"date":"2022-09-13T21:58:11","date_gmt":"2022-09-14T02:58:11","guid":{"rendered":"https:\/\/blogs.uniandes.edu.co\/taller-escritura-experimental\/?page_id=1658"},"modified":"2022-09-13T21:59:41","modified_gmt":"2022-09-14T02:59:41","slug":"finalizar","status":"publish","type":"page","link":"https:\/\/blogs.uniandes.edu.co\/taller-escritura-experimental\/finalizar\/","title":{"rendered":"FINALIZAR"},"content":{"rendered":"\n<figure class=\"wp-block-image size-full\"><img loading=\"lazy\" decoding=\"async\" width=\"183\" height=\"282\" src=\"https:\/\/blogs.uniandes.edu.co\/taller-escritura-experimental\/wp-content\/uploads\/sites\/4\/2022\/09\/LIBRO.png\" alt=\"\" class=\"wp-image-1659\"\/><\/figure>\n\n\n<ul class=\"wp-block-latest-posts__list has-dates is-style-twentytwentyone-latest-posts-borders wp-block-latest-posts\"><li><a class=\"wp-block-latest-posts__post-title\" href=\"https:\/\/blogs.uniandes.edu.co\/taller-escritura-experimental\/nada\/\">NADA<\/a><time datetime=\"2024-06-04T10:48:48-05:00\" class=\"wp-block-latest-posts__post-date\">4 junio, 2024<\/time><div class=\"wp-block-latest-posts__post-excerpt\">NADA Libro Final &#8211; Digital<\/div><\/li>\n<li><a class=\"wp-block-latest-posts__post-title\" href=\"https:\/\/blogs.uniandes.edu.co\/taller-escritura-experimental\/adentro\/\">Adentro<\/a><time datetime=\"2022-12-08T01:17:25-05:00\" class=\"wp-block-latest-posts__post-date\">8 diciembre, 2022<\/time><div class=\"wp-block-latest-posts__post-excerpt\"><\/div><\/li>\n<li><a class=\"wp-block-latest-posts__post-title\" href=\"https:\/\/blogs.uniandes.edu.co\/taller-escritura-experimental\/por-encima-de-la-forma\/\">Por encima de la forma<\/a><time datetime=\"2021-12-13T17:10:48-05:00\" class=\"wp-block-latest-posts__post-date\">13 diciembre, 2021<\/time><div class=\"wp-block-latest-posts__post-excerpt\">Jorge Daniel Espinosa Gonz\u00e1lez Hace poco junto a un ejercicio de pintura entend\u00ed que seg\u00fan vemos el texto y las palabras se crean im\u00e1genes,&#8230; <a class=\"wp-block-latest-posts__read-more\" href=\"https:\/\/blogs.uniandes.edu.co\/taller-escritura-experimental\/por-encima-de-la-forma\/\" rel=\"noopener noreferrer\">Lee m\u00e1s<span class=\"screen-reader-text\">: Por encima de la forma<\/span><\/a><\/div><\/li>\n<li><a class=\"wp-block-latest-posts__post-title\" href=\"https:\/\/blogs.uniandes.edu.co\/taller-escritura-experimental\/puras-ganas-de-contarte\/\">Puras ganas de contarte<\/a><time datetime=\"2021-12-10T22:00:51-05:00\" class=\"wp-block-latest-posts__post-date\">10 diciembre, 2021<\/time><div class=\"wp-block-latest-posts__post-excerpt\">Que ganas de contarteQue miedo dejar de repetirte y que te me olvidesQue no te recuerde constante \u00a0 \u00a0<\/div><\/li>\n<li><a class=\"wp-block-latest-posts__post-title\" href=\"https:\/\/blogs.uniandes.edu.co\/taller-escritura-experimental\/llegamos-al-final\/\">Llegamos al final.<\/a><time datetime=\"2021-12-09T00:09:37-05:00\" class=\"wp-block-latest-posts__post-date\">9 diciembre, 2021<\/time><div class=\"wp-block-latest-posts__post-excerpt\">Link Mi libro:<\/div><\/li>\n<li><a class=\"wp-block-latest-posts__post-title\" href=\"https:\/\/blogs.uniandes.edu.co\/taller-escritura-experimental\/mi-libro\/\">Mi libro<\/a><time datetime=\"2021-12-08T20:31:19-05:00\" class=\"wp-block-latest-posts__post-date\">8 diciembre, 2021<\/time><div class=\"wp-block-latest-posts__post-excerpt\">https:\/\/issuu.com\/inesrueda7485\/docs\/mi_libro_-_curvas_final<\/div><\/li>\n<li><a class=\"wp-block-latest-posts__post-title\" href=\"https:\/\/blogs.uniandes.edu.co\/taller-escritura-experimental\/entregas-finales\/\">2021\/1 Entregas finales<\/a><time datetime=\"2021-06-04T19:22:21-05:00\" class=\"wp-block-latest-posts__post-date\">4 junio, 2021<\/time><div class=\"wp-block-latest-posts__post-excerpt\">Manuel del usuario, Marianna Velasco&nbsp; La casita del futuro, Laura Valentina Alvarez &nbsp; Apaga la luz, Sofia Stocker Sofia Salamanca, El sal\u00f3n de los&#8230; <a class=\"wp-block-latest-posts__read-more\" href=\"https:\/\/blogs.uniandes.edu.co\/taller-escritura-experimental\/entregas-finales\/\" rel=\"noopener noreferrer\">Lee m\u00e1s<span class=\"screen-reader-text\">: 2021\/1 Entregas finales<\/span><\/a><\/div><\/li>\n<\/ul>","protected":false},"excerpt":{"rendered":"","protected":false},"author":3,"featured_media":0,"parent":0,"menu_order":0,"comment_status":"closed","ping_status":"closed","template":"","meta":{"footnotes":""},"class_list":["post-1658","page","type-page","status-publish","hentry"],"_links":{"self":[{"href":"https:\/\/blogs.uniandes.edu.co\/taller-escritura-experimental\/wp-json\/wp\/v2\/pages\/1658","targetHints":{"allow":["GET"]}}],"collection":[{"href":"https:\/\/blogs.uniandes.edu.co\/taller-escritura-experimental\/wp-json\/wp\/v2\/pages"}],"about":[{"href":"https:\/\/blogs.uniandes.edu.co\/taller-escritura-experimental\/wp-json\/wp\/v2\/types\/page"}],"author":[{"embeddable":true,"href":"https:\/\/blogs.uniandes.edu.co\/taller-escritura-experimental\/wp-json\/wp\/v2\/users\/3"}],"replies":[{"embeddable":true,"href":"https:\/\/blogs.uniandes.edu.co\/taller-escritura-experimental\/wp-json\/wp\/v2\/comments?post=1658"}],"version-history":[{"count":2,"href":"https:\/\/blogs.uniandes.edu.co\/taller-escritura-experimental\/wp-json\/wp\/v2\/pages\/1658\/revisions"}],"predecessor-version":[{"id":1663,"href":"https:\/\/blogs.uniandes.edu.co\/taller-escritura-experimental\/wp-json\/wp\/v2\/pages\/1658\/revisions\/1663"}],"wp:attachment":[{"href":"https:\/\/blogs.uniandes.edu.co\/taller-escritura-experimental\/wp-json\/wp\/v2\/media?parent=1658"}],"curies":[{"name":"wp","href":"https:\/\/api.w.org\/{rel}","templated":true}]}}